{"id":674,"date":"2022-06-03T14:18:55","date_gmt":"2022-06-03T12:18:55","guid":{"rendered":"https:\/\/www.campagnebaudeloup.com\/mentions-legales\/"},"modified":"2023-10-13T10:03:22","modified_gmt":"2023-10-13T08:03:22","slug":"mentions-legales","status":"publish","type":"page","link":"https:\/\/www.campagnebaudeloup.com\/en\/mentions-legales\/","title":{"rendered":"Mentions l\u00e9gales"},"content":{"rendered":"<div class=\"fusion-fullwidth fullwidth-box fusion-builder-row-1 fusion-flex-container nonhundred-percent-fullwidth non-hundred-percent-height-scrolling\" style=\"background-color: rgba(255,255,255,0);background-position: center center;background-repeat: no-repeat;border-width: 0px 0px 0px 0px;border-color:var(--awb-color3);border-style:solid;\" ><div class=\"fusion-builder-row fusion-row fusion-flex-align-items-flex-start\" style=\"max-width:1684.8px;margin-left: calc(-4% \/ 2 );margin-right: calc(-4% \/ 2 );\"><div class=\"fusion-layout-column fusion_builder_column fusion-builder-column-0 fusion_builder_column_1_1 1_1 fusion-flex-column\"><div class=\"fusion-column-wrapper fusion-flex-justify-content-flex-start fusion-content-layout-column\" style=\"background-position:left top;background-repeat:no-repeat;-webkit-background-size:cover;-moz-background-size:cover;-o-background-size:cover;background-size:cover;padding: 0px 0px 0px 0px;\"><div class=\"fusion-text fusion-text-1\" style=\"text-transform:none;\"><h2 style=\"text-align: left;\">\u00c9diteur<\/h2>\n<p>Campagne-Baudeloup<br \/>\nRCS : Avignon B 793 102 484<br \/>\nSIRET : 79310248400011<br \/>\nSi\u00e8ge social : 750 Chem, du Lagnien,<br \/>\n84800 L&#8217;isle sur la Sorgue<\/p>\n<h2 style=\"text-align: left;\">Direction de la publication<\/h2>\n<p>G\u00e9rard Malen<\/p>\n<h2 style=\"text-align: left;\">Contenu du site<\/h2>\n<p>Les informations contenues dans ce site sont susceptibles de modifications \u00e0 tout moment, sans pr\u00e9avis. En d\u00e9pit de mises \u00e0 jour fr\u00e9quentes, Campagne Baudeloup ne peut garantir l\u2019exactitude, la pr\u00e9cision ou l\u2019exhaustivit\u00e9 des informations pr\u00e9sentes sur ce site.<\/p>\n<h2 style=\"text-align: left;\">Propri\u00e9t\u00e9 intellectuelle<\/h2>\n<p>Le contenu et la pr\u00e9sentation de ce site constituent une \u0153uvre prot\u00e9g\u00e9e par la r\u00e9glementation relative \u00e0 la propri\u00e9t\u00e9 intellectuelle. Les noms, logos, textes, photos, images, s\u00e9quences anim\u00e9es et autres documents pr\u00e9sents sur ce site sont la propri\u00e9t\u00e9 de Campagne Baudeloup ou de tiers ayant autoris\u00e9 Campagne Baudeloup \u00e0 les utiliser. Toute reproduction, modification, diffusion ou exploitation, commerciale ou non, de ces donn\u00e9es est interdite, sauf accord pr\u00e9alable et \u00e9crit de Campagne Baudeloup. Les copies \u00e0 usage priv\u00e9 de ces donn\u00e9es sont autoris\u00e9es, \u00e0 condition d\u2019en indiquer la source, et sous r\u00e9serve des droits de propri\u00e9t\u00e9 intellectuelle mentionn\u00e9s ci-dessus.<\/p>\n<h2 style=\"text-align: left;\">Donn\u00e9es Personnelles<\/h2>\n<p>Les adresses personnelles recueillies sur le site r\u00e9sultent de la communication volontaire par l\u2019utilisateur d\u2019une adresse de courrier \u00e9lectronique lors d\u2019un d\u00e9p\u00f4t d\u2019un message \u00e9lectronique. Les adresses e-mail recueillies ne servent qu\u2019\u00e0 la transmission des \u00e9l\u00e9ments d\u2019information demand\u00e9s. Les informations personnelles laiss\u00e9es volontairement par les utilisateurs sont \u00e0 usage exclusivement interne. Elles ne feront l\u2019objet d\u2019aucune transmission \u00e0 des tiers. Le nom des personnes ou services destinataires de ces informations figurent sur les pages du site. Tout utilisateur ayant d\u00e9pos\u00e9 sur le site des informations directement ou indirectement nominatives peut demander la communication des informations le concernant et les faire rectifier, compl\u00e9ter, clarifier, mettre \u00e0 jour ou effacer, conform\u00e9ment \u00e0 la loi du 6 janvier 1978. Pour exercer ce droit, s\u2019adresser \u00e0 :<\/p>\n<p>Campagne Baudeloup<br \/>\n750 chem. du Lagnien,<br \/>\n84800 L&#8217;Isle-sur-la-Sorgue<\/p>\n<h2 style=\"text-align: left;\">R\u00e9alisation &amp; H\u00e9bergement<\/h2>\n<p><img class=\"lazyload wp-image-2494\" src=\"data:image\/svg+xml,%3Csvg%20xmlns%3D%27http%3A%2F%2Fwww.w3.org%2F2000%2Fsvg%27%20width%3D%27240%27%20height%3D%270%27%20viewBox%3D%270%200%20240%200%27%3E%3Crect%20width%3D%27240%27%20height%3D%270%27%20fill-opacity%3D%220%22%2F%3E%3C%2Fsvg%3E\" data-orig-src=\"\/wp-content\/uploads\/2022\/06\/logo-azuracom.png\" alt=\"Logo Azuracom\" width=\"240\" height=\"auto\" \/><\/p>\n<p>Azuracom, agence digitale<br \/>\n<a title=\"Azuracom, cr\u00e9ation site internet Avignon\" href=\"https:\/\/www.azuracom.com\" target=\"_blank\" rel=\"noopener noreferrer\">Cr\u00e9ation site internet Avignon<\/a><br \/>\nTechnop\u00f4le Agroparc<br \/>\nB\u00e2timent Le Victoria &#8211; C01<br \/>\n149 Rue Jean Dausset<br \/>\n84140 Avignon<\/p>\n<\/div><\/div><style type=\"text\/css\">.fusion-body .fusion-builder-column-0{width:100% !important;margin-top : 0px;margin-bottom : 20px;}.fusion-builder-column-0 > .fusion-column-wrapper {padding-top : 0px !important;padding-right : 0px !important;margin-right : 1.92%;padding-bottom : 0px !important;padding-left : 0px !important;margin-left : 1.92%;}@media only screen and (max-width:1024px) {.fusion-body .fusion-builder-column-0{width:100% !important;order : 0;}.fusion-builder-column-0 > .fusion-column-wrapper {margin-right : 1.92%;margin-left : 1.92%;}}@media only screen and (max-width:640px) {.fusion-body .fusion-builder-column-0{width:100% !important;order : 0;}.fusion-builder-column-0 > .fusion-column-wrapper {margin-right : 1.92%;margin-left : 1.92%;}}<\/style><\/div><\/div><style type=\"text\/css\">.fusion-body .fusion-flex-container.fusion-builder-row-1{ padding-top : 0px;margin-top : 0px;padding-right : 0px;padding-bottom : 0px;margin-bottom : 0px;padding-left : 0px;}<\/style><\/div>\n","protected":false},"excerpt":{"rendered":"","protected":false},"author":2,"featured_media":177,"parent":0,"menu_order":0,"comment_status":"closed","ping_status":"closed","template":"","meta":[],"yoast_head":"<!-- This site is optimized with the Yoast SEO plugin v19.3 - https:\/\/yoast.com\/wordpress\/plugins\/seo\/ -->\n<title>Mentions l\u00e9gales - Baudeloup<\/title>\n<meta name=\"robots\" content=\"noindex, follow, max-snippet:-1, max-image-preview:large, max-video-preview:-1\" \/>\n<meta property=\"og:locale\" content=\"en_US\" \/>\n<meta property=\"og:type\" content=\"article\" \/>\n<meta property=\"og:title\" content=\"Mentions l\u00e9gales - Baudeloup\" \/>\n<meta property=\"og:url\" content=\"https:\/\/www.campagnebaudeloup.com\/en\/mentions-legales\/\" \/>\n<meta property=\"og:site_name\" content=\"Baudeloup\" \/>\n<meta property=\"article:modified_time\" content=\"2023-10-13T08:03:22+00:00\" \/>\n<meta property=\"og:image\" content=\"https:\/\/www.campagnebaudeloup.com\/wp-content\/uploads\/2022\/06\/baudeloup.jpg\" \/>\n\t<meta property=\"og:image:width\" content=\"1920\" \/>\n\t<meta property=\"og:image:height\" content=\"1280\" \/>\n\t<meta property=\"og:image:type\" content=\"image\/jpeg\" \/>\n<meta name=\"twitter:card\" content=\"summary_large_image\" \/>\n<meta name=\"twitter:label1\" content=\"Est. reading time\" \/>\n\t<meta name=\"twitter:data1\" content=\"4 minutes\" \/>\n<script type=\"application\/ld+json\" class=\"yoast-schema-graph\">{\"@context\":\"https:\/\/schema.org\",\"@graph\":[{\"@type\":\"WebSite\",\"@id\":\"https:\/\/www.campagnebaudeloup.com\/#website\",\"url\":\"https:\/\/www.campagnebaudeloup.com\/\",\"name\":\"Baudeloup\",\"description\":\"\",\"potentialAction\":[{\"@type\":\"SearchAction\",\"target\":{\"@type\":\"EntryPoint\",\"urlTemplate\":\"https:\/\/www.campagnebaudeloup.com\/?s={search_term_string}\"},\"query-input\":\"required name=search_term_string\"}],\"inLanguage\":\"en-US\"},{\"@type\":\"ImageObject\",\"inLanguage\":\"en-US\",\"@id\":\"https:\/\/www.campagnebaudeloup.com\/en\/mentions-legales\/#primaryimage\",\"url\":\"https:\/\/www.campagnebaudeloup.com\/wp-content\/uploads\/2022\/06\/baudeloup.jpg\",\"contentUrl\":\"https:\/\/www.campagnebaudeloup.com\/wp-content\/uploads\/2022\/06\/baudeloup.jpg\",\"width\":1920,\"height\":1280},{\"@type\":\"WebPage\",\"@id\":\"https:\/\/www.campagnebaudeloup.com\/en\/mentions-legales\/\",\"url\":\"https:\/\/www.campagnebaudeloup.com\/en\/mentions-legales\/\",\"name\":\"Mentions l\u00e9gales - Baudeloup\",\"isPartOf\":{\"@id\":\"https:\/\/www.campagnebaudeloup.com\/#website\"},\"primaryImageOfPage\":{\"@id\":\"https:\/\/www.campagnebaudeloup.com\/en\/mentions-legales\/#primaryimage\"},\"datePublished\":\"2022-06-03T12:18:55+00:00\",\"dateModified\":\"2023-10-13T08:03:22+00:00\",\"breadcrumb\":{\"@id\":\"https:\/\/www.campagnebaudeloup.com\/en\/mentions-legales\/#breadcrumb\"},\"inLanguage\":\"en-US\",\"potentialAction\":[{\"@type\":\"ReadAction\",\"target\":[\"https:\/\/www.campagnebaudeloup.com\/en\/mentions-legales\/\"]}]},{\"@type\":\"BreadcrumbList\",\"@id\":\"https:\/\/www.campagnebaudeloup.com\/en\/mentions-legales\/#breadcrumb\",\"itemListElement\":[{\"@type\":\"ListItem\",\"position\":1,\"name\":\"Accueil\",\"item\":\"https:\/\/www.campagnebaudeloup.com\/en\/\"},{\"@type\":\"ListItem\",\"position\":2,\"name\":\"Mentions l\u00e9gales\"}]}]}<\/script>\n<!-- \/ Yoast SEO plugin. -->","yoast_head_json":{"title":"Mentions l\u00e9gales - Baudeloup","robots":{"index":"noindex","follow":"follow","max-snippet":"max-snippet:-1","max-image-preview":"max-image-preview:large","max-video-preview":"max-video-preview:-1"},"og_locale":"en_US","og_type":"article","og_title":"Mentions l\u00e9gales - Baudeloup","og_url":"https:\/\/www.campagnebaudeloup.com\/en\/mentions-legales\/","og_site_name":"Baudeloup","article_modified_time":"2023-10-13T08:03:22+00:00","og_image":[{"width":1920,"height":1280,"url":"https:\/\/www.campagnebaudeloup.com\/wp-content\/uploads\/2022\/06\/baudeloup.jpg","type":"image\/jpeg"}],"twitter_card":"summary_large_image","twitter_misc":{"Est. reading time":"4 minutes"},"schema":{"@context":"https:\/\/schema.org","@graph":[{"@type":"WebSite","@id":"https:\/\/www.campagnebaudeloup.com\/#website","url":"https:\/\/www.campagnebaudeloup.com\/","name":"Baudeloup","description":"","potentialAction":[{"@type":"SearchAction","target":{"@type":"EntryPoint","urlTemplate":"https:\/\/www.campagnebaudeloup.com\/?s={search_term_string}"},"query-input":"required name=search_term_string"}],"inLanguage":"en-US"},{"@type":"ImageObject","inLanguage":"en-US","@id":"https:\/\/www.campagnebaudeloup.com\/en\/mentions-legales\/#primaryimage","url":"https:\/\/www.campagnebaudeloup.com\/wp-content\/uploads\/2022\/06\/baudeloup.jpg","contentUrl":"https:\/\/www.campagnebaudeloup.com\/wp-content\/uploads\/2022\/06\/baudeloup.jpg","width":1920,"height":1280},{"@type":"WebPage","@id":"https:\/\/www.campagnebaudeloup.com\/en\/mentions-legales\/","url":"https:\/\/www.campagnebaudeloup.com\/en\/mentions-legales\/","name":"Mentions l\u00e9gales - Baudeloup","isPartOf":{"@id":"https:\/\/www.campagnebaudeloup.com\/#website"},"primaryImageOfPage":{"@id":"https:\/\/www.campagnebaudeloup.com\/en\/mentions-legales\/#primaryimage"},"datePublished":"2022-06-03T12:18:55+00:00","dateModified":"2023-10-13T08:03:22+00:00","breadcrumb":{"@id":"https:\/\/www.campagnebaudeloup.com\/en\/mentions-legales\/#breadcrumb"},"inLanguage":"en-US","potentialAction":[{"@type":"ReadAction","target":["https:\/\/www.campagnebaudeloup.com\/en\/mentions-legales\/"]}]},{"@type":"BreadcrumbList","@id":"https:\/\/www.campagnebaudeloup.com\/en\/mentions-legales\/#breadcrumb","itemListElement":[{"@type":"ListItem","position":1,"name":"Accueil","item":"https:\/\/www.campagnebaudeloup.com\/en\/"},{"@type":"ListItem","position":2,"name":"Mentions l\u00e9gales"}]}]}},"_links":{"self":[{"href":"https:\/\/www.campagnebaudeloup.com\/en\/wp-json\/wp\/v2\/pages\/674"}],"collection":[{"href":"https:\/\/www.campagnebaudeloup.com\/en\/wp-json\/wp\/v2\/pages"}],"about":[{"href":"https:\/\/www.campagnebaudeloup.com\/en\/wp-json\/wp\/v2\/types\/page"}],"author":[{"embeddable":true,"href":"https:\/\/www.campagnebaudeloup.com\/en\/wp-json\/wp\/v2\/users\/2"}],"replies":[{"embeddable":true,"href":"https:\/\/www.campagnebaudeloup.com\/en\/wp-json\/wp\/v2\/comments?post=674"}],"version-history":[{"count":1,"href":"https:\/\/www.campagnebaudeloup.com\/en\/wp-json\/wp\/v2\/pages\/674\/revisions"}],"predecessor-version":[{"id":1473,"href":"https:\/\/www.campagnebaudeloup.com\/en\/wp-json\/wp\/v2\/pages\/674\/revisions\/1473"}],"wp:featuredmedia":[{"embeddable":true,"href":"https:\/\/www.campagnebaudeloup.com\/en\/wp-json\/wp\/v2\/media\/177"}],"wp:attachment":[{"href":"https:\/\/www.campagnebaudeloup.com\/en\/wp-json\/wp\/v2\/media?parent=674"}],"curies":[{"name":"wp","href":"https:\/\/api.w.org\/{rel}","templated":true}]}}