{"id":675,"date":"2022-06-17T14:41:34","date_gmt":"2022-06-17T12:41:34","guid":{"rendered":"https:\/\/www.campagnebaudeloup.com\/piscine-exterieur\/"},"modified":"2022-07-13T14:00:09","modified_gmt":"2022-07-13T12:00:09","slug":"jardin-piscine","status":"publish","type":"page","link":"https:\/\/www.campagnebaudeloup.com\/en\/jardin-piscine\/","title":{"rendered":"jardin \/ piscine"},"content":{"rendered":"<p><div class=\"fusion-fullwidth fullwidth-box fusion-builder-row-1 fusion-flex-container nonhundred-percent-fullwidth non-hundred-percent-height-scrolling\" style=\"background-color: rgba(255,255,255,0);background-position: center center;background-repeat: no-repeat;border-width: 0px 0px 0px 0px;border-color:var(--awb-color3);border-style:solid;\" ><div class=\"fusion-builder-row fusion-row fusion-flex-align-items-flex-start\" style=\"max-width:1684.8px;margin-left: calc(-4% \/ 2 );margin-right: calc(-4% \/ 2 );\"><div class=\"fusion-layout-column fusion_builder_column fusion-builder-column-0 fusion_builder_column_1_2 1_2 fusion-flex-column\"><div class=\"fusion-column-wrapper lazyload fusion-flex-justify-content-flex-start fusion-content-layout-column fusion-empty-column-bg-image\" style=\"background-position:left top;background-repeat:no-repeat;-webkit-background-size:cover;-moz-background-size:cover;-o-background-size:cover;background-size:cover;padding: 0px 0px 0px 0px;\" data-bg-url=\"https:\/\/www.campagnebaudeloup.com\/wp-content\/uploads\/2022\/06\/2020_04_26_16_27_IMG_9944.jpg\" data-bg=\"https:\/\/www.campagnebaudeloup.com\/wp-content\/uploads\/2022\/06\/2020_04_26_16_27_IMG_9944.jpg\"><img class=\"fusion-empty-dims-img-placeholder\" src=\"data:image\/svg+xml,%3Csvg%20xmlns%3D%27http%3A%2F%2Fwww.w3.org%2F2000%2Fsvg%27%20width%3D%271920%27%20height%3D%271080%27%20viewBox%3D%270%200%201920%201080%27%3E%3Crect%20width%3D%271920%27%20height%3D%271080%27%20fill-opacity%3D%220%22%2F%3E%3C%2Fsvg%3E\"><\/div><style type=\"text\/css\">.fusion-body .fusion-builder-column-0{width:50% !important;margin-top : 0px;margin-bottom : 0px;}.fusion-builder-column-0 > .fusion-column-wrapper {padding-top : 0px !important;padding-right : 0px !important;margin-right : 0px;padding-bottom : 0px !important;padding-left : 0px !important;margin-left : 3.84%;}@media only screen and (max-width:1024px) {.fusion-body .fusion-builder-column-0{width:100% !important;order : 1;}.fusion-builder-column-0 > .fusion-column-wrapper {margin-right : 5px;margin-left : 5px;}}@media only screen and (max-width:640px) {.fusion-body .fusion-builder-column-0{width:100% !important;order : 1;}.fusion-builder-column-0 > .fusion-column-wrapper {margin-right : 1.92%;margin-left : 1.92%;}}<\/style><\/div><div class=\"fusion-layout-column fusion_builder_column fusion-builder-column-1 fusion_builder_column_1_2 1_2 fusion-flex-column\"><div class=\"fusion-column-wrapper fusion-flex-justify-content-flex-start fusion-content-layout-column\" style=\"background-position:left top;background-repeat:no-repeat;-webkit-background-size:cover;-moz-background-size:cover;-o-background-size:cover;background-size:cover;padding: 0px 0px 0px 0px;\"><style type=\"text\/css\">@media only screen and (max-width:1024px) {.fusion-title.fusion-title-1{margin-top:40px!important;margin-right:!important;margin-bottom:0px!important; margin-left:!important;}}@media only screen and (max-width:640px) {.fusion-title.fusion-title-1{margin-top:20px!important; margin-right:0px!important;margin-bottom:0px!important; margin-left:0px!important;}}<\/style><div class=\"fusion-title title fusion-title-1 fusion-sep-none fusion-title-text fusion-title-size-three\" style=\"font-size:35px;margin-top:50px;margin-right:0px;margin-bottom:0px;margin-left:0px;\"><h3 class=\"title-heading-left fusion-responsive-typography-calculated\" style=\"font-family:&quot;Montserrat&quot;;font-weight:700;margin:0;font-size:1em;color:var(--awb-color4);--fontSize:35;line-height:var(--awb-typography1-line-height);\"><ul>\n<li>\n<h3 style=\"color: #0d8185; font-weight: bold;\">LE PARC<\/h3>\n<\/li>\n<\/ul><\/h3><\/div><div class=\"fusion-text fusion-text-1\" style=\"color:var(--awb-color8);\"><p>Le parc arbor\u00e9 d\u2019un hectare offre la douceur de ses ombrages au farniente ou \u00e0 la balade. Suffisamment spacieux, il vous permettra, si vous le souhaitez, de vous isoler pour quelques s\u00e9ances de gymnastique, ou pourquoi pas tournois de badminton, des parties de lecture au chant des cigales en \u00e9t\u00e9. Il n&#8217;est pas rare que celles-ci, tr\u00e8s \u00e0 l&#8217;heure, fassent leur apparition exactement le 21 juin, premier jour de l&#8217;\u00e9t\u00e9. On arrive difficilement \u00e0 les voir sur les arbres car elles ont la couleur de l&#8217;\u00e9corce. Mais vous pourrez trouver des chrysalides accroch\u00e9es aux troncs. Apr\u00e8s avoir v\u00e9cu neuf ans sous terre sous forme de larves, elles viennent s\u00e9cher au soleil et quittent leurs manteaux pour s&#8217;envoler en cigale.<\/p>\n<\/div><\/div><style type=\"text\/css\">.fusion-body .fusion-builder-column-1{width:50% !important;margin-top : 0px;margin-bottom : 20px;}.fusion-builder-column-1 > .fusion-column-wrapper {padding-top : 0px !important;padding-right : 0px !important;margin-right : 3.84%;padding-bottom : 0px !important;padding-left : 0px !important;margin-left : 3.84%;}@media only screen and (max-width:1024px) {.fusion-body .fusion-builder-column-1{width:100% !important;order : 2;margin-top : -20px;}.fusion-builder-column-1 > .fusion-column-wrapper {margin-right : 1.92%;margin-left : 1.92%;}}@media only screen and (max-width:640px) {.fusion-body .fusion-builder-column-1{width:100% !important;order : 2;margin-top : -20px;}.fusion-builder-column-1 > .fusion-column-wrapper {margin-right : 1.92%;margin-left : 1.92%;}}<\/style><\/div><\/div><style type=\"text\/css\">.fusion-body .fusion-flex-container.fusion-builder-row-1{ padding-top : 0px;margin-top : 0px;padding-right : 0px;padding-bottom : 0px;margin-bottom : 0px;padding-left : 0px;}<\/style><\/div><div class=\"fusion-fullwidth fullwidth-box fusion-builder-row-2 fusion-flex-container nonhundred-percent-fullwidth non-hundred-percent-height-scrolling\" style=\"background-color: rgba(255,255,255,0);background-position: center center;background-repeat: no-repeat;border-width: 0px 0px 0px 0px;border-color:var(--awb-color3);border-style:solid;\" ><div class=\"fusion-builder-row fusion-row fusion-flex-align-items-flex-start\" style=\"max-width:1684.8px;margin-left: calc(-4% \/ 2 );margin-right: calc(-4% \/ 2 );\"><div class=\"fusion-layout-column fusion_builder_column fusion-builder-column-2 fusion_builder_column_1_2 1_2 fusion-flex-column\"><div class=\"fusion-column-wrapper fusion-flex-justify-content-flex-start fusion-content-layout-column\" style=\"background-position:left top;background-repeat:no-repeat;-webkit-background-size:cover;-moz-background-size:cover;-o-background-size:cover;background-size:cover;padding: 0px 0px 0px 0px;\"><style type=\"text\/css\">@media only screen and (max-width:1024px) {.fusion-title.fusion-title-2{margin-top:!important;margin-right:!important;margin-bottom:0px!important; margin-left:!important;}}@media only screen and (max-width:640px) {.fusion-title.fusion-title-2{margin-top:10px!important; margin-right:0px!important;margin-bottom:0px!important; margin-left:0px!important;}}<\/style><div class=\"fusion-title title fusion-title-2 fusion-sep-none fusion-title-text fusion-title-size-one\" style=\"font-size:35px;margin-top:50px;margin-right:0px;margin-bottom:0px;margin-left:0px;\"><h1 class=\"title-heading-left fusion-responsive-typography-calculated\" style=\"font-family:&quot;Montserrat&quot;;font-weight:700;margin:0;font-size:1em;color:var(--awb-color3);--fontSize:35;line-height:var(--awb-custom_typography_1-line-height);\"><ul>\n<li>\n<h3 style=\"color: #ee7656; font-weight: bold;\">LA PISCINE<\/h3>\n<\/li>\n<\/ul><\/h1><\/div><div class=\"fusion-text fusion-text-2\" style=\"color:var(--awb-color8);\"><p>Le jardin de la piscine est \u00e9quip\u00e9 de transats et parasols pour des apr\u00e8s-midi tranquilles partag\u00e9es entre sieste et baignade.<\/p>\n<\/div><\/div><style type=\"text\/css\">.fusion-body .fusion-builder-column-2{width:50% !important;margin-top : 0px;margin-bottom : 20px;}.fusion-builder-column-2 > .fusion-column-wrapper {padding-top : 0px !important;padding-right : 0px !important;margin-right : 3.84%;padding-bottom : 0px !important;padding-left : 0px !important;margin-left : 3.84%;}@media only screen and (max-width:1024px) {.fusion-body .fusion-builder-column-2{width:100% !important;order : 2;}.fusion-builder-column-2 > .fusion-column-wrapper {margin-right : 1.92%;margin-left : 1.92%;}}@media only screen and (max-width:640px) {.fusion-body .fusion-builder-column-2{width:100% !important;order : 2;}.fusion-builder-column-2 > .fusion-column-wrapper {margin-right : 1.92%;margin-left : 1.92%;}}<\/style><\/div><div class=\"fusion-layout-column fusion_builder_column fusion-builder-column-3 fusion_builder_column_1_2 1_2 fusion-flex-column\"><div class=\"fusion-column-wrapper lazyload fusion-flex-justify-content-flex-start fusion-content-layout-column fusion-empty-column-bg-image\" style=\"background-position:left top;background-repeat:no-repeat;-webkit-background-size:cover;-moz-background-size:cover;-o-background-size:cover;background-size:cover;padding: 0px 0px 0px 0px;\" data-bg-url=\"https:\/\/www.campagnebaudeloup.com\/wp-content\/uploads\/2022\/06\/piscine-mosaique-1.jpg\" data-bg=\"https:\/\/www.campagnebaudeloup.com\/wp-content\/uploads\/2022\/06\/piscine-mosaique-1.jpg\"><img class=\"fusion-empty-dims-img-placeholder\" src=\"data:image\/svg+xml,%3Csvg%20xmlns%3D%27http%3A%2F%2Fwww.w3.org%2F2000%2Fsvg%27%20width%3D%271080%27%20height%3D%27601%27%20viewBox%3D%270%200%201080%20601%27%3E%3Crect%20width%3D%271080%27%20height%3D%27601%27%20fill-opacity%3D%220%22%2F%3E%3C%2Fsvg%3E\"><\/div><style type=\"text\/css\">.fusion-body .fusion-builder-column-3{width:50% !important;margin-top : 0px;margin-bottom : 20px;}.fusion-builder-column-3 > .fusion-column-wrapper {padding-top : 0px !important;padding-right : 0px !important;margin-right : 3.84%;padding-bottom : 0px !important;padding-left : 0px !important;margin-left : 0;}@media only screen and (max-width:1024px) {.fusion-body .fusion-builder-column-3{width:100% !important;order : 1;margin-top : 0;margin-bottom : 0;}.fusion-builder-column-3 > .fusion-column-wrapper {margin-right : 5px;margin-left : 5px;}}@media only screen and (max-width:640px) {.fusion-body .fusion-builder-column-3{width:100% !important;order : 1;}.fusion-builder-column-3 > .fusion-column-wrapper {margin-right : 1.92%;margin-left : 1.92%;}}<\/style><\/div><\/div><style type=\"text\/css\">.fusion-body .fusion-flex-container.fusion-builder-row-2{ padding-top : 0px;margin-top : 0px;padding-right : 0px;padding-bottom : 0px;margin-bottom : 0px;padding-left : 0px;}@media only screen and (max-width:1024px) {.fusion-body .fusion-flex-container.fusion-builder-row-2{ padding-top : 50px;}}@media only screen and (max-width:640px) {.fusion-body .fusion-flex-container.fusion-builder-row-2{ padding-top : 30px;}}<\/style><\/div><\/p>\n","protected":false},"excerpt":{"rendered":"","protected":false},"author":2,"featured_media":255,"parent":0,"menu_order":0,"comment_status":"closed","ping_status":"closed","template":"","meta":[],"yoast_head":"<!-- This site is optimized with the Yoast SEO plugin v19.3 - https:\/\/yoast.com\/wordpress\/plugins\/seo\/ -->\n<title>jardin \/ piscine - Baudeloup<\/title>\n<meta name=\"robots\" content=\"noindex, follow, max-snippet:-1, max-image-preview:large, max-video-preview:-1\" \/>\n<meta property=\"og:locale\" content=\"en_US\" \/>\n<meta property=\"og:type\" content=\"article\" \/>\n<meta property=\"og:title\" content=\"jardin \/ piscine - Baudeloup\" \/>\n<meta property=\"og:url\" content=\"https:\/\/www.campagnebaudeloup.com\/en\/jardin-piscine\/\" \/>\n<meta property=\"og:site_name\" content=\"Baudeloup\" \/>\n<meta property=\"article:modified_time\" content=\"2022-07-13T12:00:09+00:00\" \/>\n<meta property=\"og:image\" content=\"https:\/\/www.campagnebaudeloup.com\/wp-content\/uploads\/2022\/06\/2020_04_23_11_16_IMG_9912.jpg\" \/>\n\t<meta property=\"og:image:width\" content=\"1920\" \/>\n\t<meta property=\"og:image:height\" content=\"1080\" \/>\n\t<meta property=\"og:image:type\" content=\"image\/jpeg\" \/>\n<meta name=\"twitter:card\" content=\"summary_large_image\" \/>\n<meta name=\"twitter:label1\" content=\"Est. reading time\" \/>\n\t<meta name=\"twitter:data1\" content=\"6 minutes\" \/>\n<script type=\"application\/ld+json\" class=\"yoast-schema-graph\">{\"@context\":\"https:\/\/schema.org\",\"@graph\":[{\"@type\":\"WebSite\",\"@id\":\"https:\/\/www.campagnebaudeloup.com\/#website\",\"url\":\"https:\/\/www.campagnebaudeloup.com\/\",\"name\":\"Baudeloup\",\"description\":\"\",\"potentialAction\":[{\"@type\":\"SearchAction\",\"target\":{\"@type\":\"EntryPoint\",\"urlTemplate\":\"https:\/\/www.campagnebaudeloup.com\/?s={search_term_string}\"},\"query-input\":\"required name=search_term_string\"}],\"inLanguage\":\"en-US\"},{\"@type\":\"ImageObject\",\"inLanguage\":\"en-US\",\"@id\":\"https:\/\/www.campagnebaudeloup.com\/en\/jardin-piscine\/#primaryimage\",\"url\":\"https:\/\/www.campagnebaudeloup.com\/wp-content\/uploads\/2022\/06\/2020_04_23_11_16_IMG_9912.jpg\",\"contentUrl\":\"https:\/\/www.campagnebaudeloup.com\/wp-content\/uploads\/2022\/06\/2020_04_23_11_16_IMG_9912.jpg\",\"width\":1920,\"height\":1080},{\"@type\":\"WebPage\",\"@id\":\"https:\/\/www.campagnebaudeloup.com\/en\/jardin-piscine\/\",\"url\":\"https:\/\/www.campagnebaudeloup.com\/en\/jardin-piscine\/\",\"name\":\"jardin \/ piscine - Baudeloup\",\"isPartOf\":{\"@id\":\"https:\/\/www.campagnebaudeloup.com\/#website\"},\"primaryImageOfPage\":{\"@id\":\"https:\/\/www.campagnebaudeloup.com\/en\/jardin-piscine\/#primaryimage\"},\"datePublished\":\"2022-06-17T12:41:34+00:00\",\"dateModified\":\"2022-07-13T12:00:09+00:00\",\"breadcrumb\":{\"@id\":\"https:\/\/www.campagnebaudeloup.com\/en\/jardin-piscine\/#breadcrumb\"},\"inLanguage\":\"en-US\",\"potentialAction\":[{\"@type\":\"ReadAction\",\"target\":[\"https:\/\/www.campagnebaudeloup.com\/en\/jardin-piscine\/\"]}]},{\"@type\":\"BreadcrumbList\",\"@id\":\"https:\/\/www.campagnebaudeloup.com\/en\/jardin-piscine\/#breadcrumb\",\"itemListElement\":[{\"@type\":\"ListItem\",\"position\":1,\"name\":\"Accueil\",\"item\":\"https:\/\/www.campagnebaudeloup.com\/en\/\"},{\"@type\":\"ListItem\",\"position\":2,\"name\":\"jardin \/ piscine\"}]}]}<\/script>\n<!-- \/ Yoast SEO plugin. -->","yoast_head_json":{"title":"jardin \/ piscine - Baudeloup","robots":{"index":"noindex","follow":"follow","max-snippet":"max-snippet:-1","max-image-preview":"max-image-preview:large","max-video-preview":"max-video-preview:-1"},"og_locale":"en_US","og_type":"article","og_title":"jardin \/ piscine - Baudeloup","og_url":"https:\/\/www.campagnebaudeloup.com\/en\/jardin-piscine\/","og_site_name":"Baudeloup","article_modified_time":"2022-07-13T12:00:09+00:00","og_image":[{"width":1920,"height":1080,"url":"https:\/\/www.campagnebaudeloup.com\/wp-content\/uploads\/2022\/06\/2020_04_23_11_16_IMG_9912.jpg","type":"image\/jpeg"}],"twitter_card":"summary_large_image","twitter_misc":{"Est. reading time":"6 minutes"},"schema":{"@context":"https:\/\/schema.org","@graph":[{"@type":"WebSite","@id":"https:\/\/www.campagnebaudeloup.com\/#website","url":"https:\/\/www.campagnebaudeloup.com\/","name":"Baudeloup","description":"","potentialAction":[{"@type":"SearchAction","target":{"@type":"EntryPoint","urlTemplate":"https:\/\/www.campagnebaudeloup.com\/?s={search_term_string}"},"query-input":"required name=search_term_string"}],"inLanguage":"en-US"},{"@type":"ImageObject","inLanguage":"en-US","@id":"https:\/\/www.campagnebaudeloup.com\/en\/jardin-piscine\/#primaryimage","url":"https:\/\/www.campagnebaudeloup.com\/wp-content\/uploads\/2022\/06\/2020_04_23_11_16_IMG_9912.jpg","contentUrl":"https:\/\/www.campagnebaudeloup.com\/wp-content\/uploads\/2022\/06\/2020_04_23_11_16_IMG_9912.jpg","width":1920,"height":1080},{"@type":"WebPage","@id":"https:\/\/www.campagnebaudeloup.com\/en\/jardin-piscine\/","url":"https:\/\/www.campagnebaudeloup.com\/en\/jardin-piscine\/","name":"jardin \/ piscine - Baudeloup","isPartOf":{"@id":"https:\/\/www.campagnebaudeloup.com\/#website"},"primaryImageOfPage":{"@id":"https:\/\/www.campagnebaudeloup.com\/en\/jardin-piscine\/#primaryimage"},"datePublished":"2022-06-17T12:41:34+00:00","dateModified":"2022-07-13T12:00:09+00:00","breadcrumb":{"@id":"https:\/\/www.campagnebaudeloup.com\/en\/jardin-piscine\/#breadcrumb"},"inLanguage":"en-US","potentialAction":[{"@type":"ReadAction","target":["https:\/\/www.campagnebaudeloup.com\/en\/jardin-piscine\/"]}]},{"@type":"BreadcrumbList","@id":"https:\/\/www.campagnebaudeloup.com\/en\/jardin-piscine\/#breadcrumb","itemListElement":[{"@type":"ListItem","position":1,"name":"Accueil","item":"https:\/\/www.campagnebaudeloup.com\/en\/"},{"@type":"ListItem","position":2,"name":"jardin \/ piscine"}]}]}},"_links":{"self":[{"href":"https:\/\/www.campagnebaudeloup.com\/en\/wp-json\/wp\/v2\/pages\/675"}],"collection":[{"href":"https:\/\/www.campagnebaudeloup.com\/en\/wp-json\/wp\/v2\/pages"}],"about":[{"href":"https:\/\/www.campagnebaudeloup.com\/en\/wp-json\/wp\/v2\/types\/page"}],"author":[{"embeddable":true,"href":"https:\/\/www.campagnebaudeloup.com\/en\/wp-json\/wp\/v2\/users\/2"}],"replies":[{"embeddable":true,"href":"https:\/\/www.campagnebaudeloup.com\/en\/wp-json\/wp\/v2\/comments?post=675"}],"version-history":[{"count":9,"href":"https:\/\/www.campagnebaudeloup.com\/en\/wp-json\/wp\/v2\/pages\/675\/revisions"}],"predecessor-version":[{"id":1281,"href":"https:\/\/www.campagnebaudeloup.com\/en\/wp-json\/wp\/v2\/pages\/675\/revisions\/1281"}],"wp:featuredmedia":[{"embeddable":true,"href":"https:\/\/www.campagnebaudeloup.com\/en\/wp-json\/wp\/v2\/media\/255"}],"wp:attachment":[{"href":"https:\/\/www.campagnebaudeloup.com\/en\/wp-json\/wp\/v2\/media?parent=675"}],"curies":[{"name":"wp","href":"https:\/\/api.w.org\/{rel}","templated":true}]}}