{"id":724,"date":"2022-06-03T12:08:53","date_gmt":"2022-06-03T10:08:53","guid":{"rendered":"https:\/\/www.campagnebaudeloup.com\/politique-de-confidentialite\/"},"modified":"2023-10-13T10:04:33","modified_gmt":"2023-10-13T08:04:33","slug":"politique-de-confidentialite","status":"publish","type":"page","link":"https:\/\/www.campagnebaudeloup.com\/en\/politique-de-confidentialite\/","title":{"rendered":"Politique de confidentialit\u00e9"},"content":{"rendered":"<div class=\"fusion-fullwidth fullwidth-box fusion-builder-row-1 fusion-flex-container nonhundred-percent-fullwidth non-hundred-percent-height-scrolling\" style=\"background-color: rgba(36,36,36,0);background-position: center center;background-repeat: no-repeat;border-width: 0px 0px 0px 0px;border-color:var(--awb-color3);border-style:solid;\" ><div class=\"fusion-builder-row fusion-row fusion-flex-align-items-flex-start\" style=\"max-width:1684.8px;margin-left: calc(-4% \/ 2 );margin-right: calc(-4% \/ 2 );\"><div class=\"fusion-layout-column fusion_builder_column fusion-builder-column-0 fusion_builder_column_1_1 1_1 fusion-flex-column\"><div class=\"fusion-column-wrapper fusion-flex-justify-content-flex-start fusion-content-layout-column\" style=\"background-position:left top;background-repeat:no-repeat;-webkit-background-size:cover;-moz-background-size:cover;-o-background-size:cover;background-size:cover;padding: 0px 0px 0px 0px;\"><style type=\"text\/css\">@media only screen and (max-width:1024px) {.fusion-title.fusion-title-1{margin-top:10px!important; margin-right:0px!important;margin-bottom:15px!important;margin-left:0px!important;}}@media only screen and (max-width:640px) {.fusion-title.fusion-title-1{margin-top:10px!important; margin-right:0px!important;margin-bottom:10px!important; margin-left:0px!important;}}<\/style><div class=\"fusion-title title fusion-title-1 fusion-sep-none fusion-title-text fusion-title-size-two\" style=\"margin-top:10px;margin-right:0px;margin-bottom:15px;margin-left:0px;\"><h2 class=\"title-heading-left fusion-responsive-typography-calculated\" style=\"margin:0;--fontSize:48;line-height:var(--awb-typography1-line-height);\">PROTECTION DES <strong>DONN\u00c9ES PERSONNELLES<\/strong> SUR LE SITE <a href=\"\/\">www.campagne-baudeloup.com<\/a><\/h2><\/div><div class=\"fusion-text fusion-text-1\" style=\"text-transform:none;\"><p>Campagne Baudeloup est soucieuse de la protection des donn\u00e9es personnelles et s\u2019engage \u00e0 assurer le meilleur niveau de protection \u00e0 vos donn\u00e9es personnelles en conformit\u00e9 avec la loi Informatique et Libert\u00e9s et le RGPD. Pour toute information sur la protection des donn\u00e9es personnelles, vous pouvez \u00e9galement consulter le site de la Commission Informatique et Libert\u00e9 <a href=\"http:\/\/www.cnil.fr\/\" target=\"_blank\" rel=\"noopener noreferrer\">www.cnil.fr<\/a><\/p>\n<\/div><style type=\"text\/css\">@media only screen and (max-width:1024px) {.fusion-title.fusion-title-2{margin-top:10px!important; margin-right:0px!important;margin-bottom:15px!important;margin-left:0px!important;}}@media only screen and (max-width:640px) {.fusion-title.fusion-title-2{margin-top:10px!important; margin-right:0px!important;margin-bottom:10px!important; margin-left:0px!important;}}<\/style><div class=\"fusion-title title fusion-title-2 fusion-sep-none fusion-title-text fusion-title-size-two\" style=\"margin-top:10px;margin-right:0px;margin-bottom:15px;margin-left:0px;\"><h2 class=\"title-heading-left fusion-responsive-typography-calculated\" style=\"margin:0;--fontSize:48;line-height:var(--awb-typography1-line-height);\">RESPONSABLE DU TRAITEMENT DES DONN\u00c9ES PERSONNELLES<\/h2><\/div><div class=\"fusion-text fusion-text-2\" style=\"text-transform:none;\"><p>G\u00e9rard Malen<\/p>\n<\/div><style type=\"text\/css\">@media only screen and (max-width:1024px) {.fusion-title.fusion-title-3{margin-top:10px!important; margin-right:0px!important;margin-bottom:15px!important;margin-left:0px!important;}}@media only screen and (max-width:640px) {.fusion-title.fusion-title-3{margin-top:10px!important; margin-right:0px!important;margin-bottom:10px!important; margin-left:0px!important;}}<\/style><div class=\"fusion-title title fusion-title-3 fusion-sep-none fusion-title-text fusion-title-size-two\" style=\"margin-top:10px;margin-right:0px;margin-bottom:15px;margin-left:0px;\"><h2 class=\"title-heading-left fusion-responsive-typography-calculated\" style=\"margin:0;--fontSize:48;line-height:var(--awb-typography1-line-height);\">FINALIT\u00c9 : EXPLOITATION DES DONN\u00c9ES VOUS CONCERNANT<\/h2><\/div><div class=\"fusion-text fusion-text-3\" style=\"text-transform:none;\"><p>En soumettant le formulaire de contact pour une demande d\u2019information et en ayant coch\u00e9 la case <strong>\u00ab En soumettant ce formulaire, j\u2019accepte que les informations saisies soient utilis\u00e9es dans le cadre de la demande effectu\u00e9e ou de la relation qui peut en d\u00e9couler. Pour en savoir plus, lire la page sur Vos donn\u00e9es personnelles \u00bb<\/strong>, vous pourrez recevoir des offres et informations de notre part par communication \u00e9lectronique (email) afin de vous tenir inform\u00e9 de notre actualit\u00e9 et des nouveaut\u00e9s concernant nos domaines de comp\u00e9tence. Si vous avez accept\u00e9 de recevoir nos offres et informations, vous pouvez \u00e0 tout moment changer d\u2019avis et vous opposer aux envois en le signalant lorsque vous remplissez le formulaire de contact, ou \u00e0 tout moment par courrier \u00e0 Campagne Baudeloup &#8211; Chem. du Lagnien 84800 L&#8217;Isle-sur-la-Sorgue &#8211; France.<\/p>\n<\/div><style type=\"text\/css\">@media only screen and (max-width:1024px) {.fusion-title.fusion-title-4{margin-top:10px!important; margin-right:0px!important;margin-bottom:15px!important;margin-left:0px!important;}}@media only screen and (max-width:640px) {.fusion-title.fusion-title-4{margin-top:10px!important; margin-right:0px!important;margin-bottom:10px!important; margin-left:0px!important;}}<\/style><div class=\"fusion-title title fusion-title-4 fusion-sep-none fusion-title-text fusion-title-size-two\" style=\"margin-top:10px;margin-right:0px;margin-bottom:15px;margin-left:0px;\"><h2 class=\"title-heading-left fusion-responsive-typography-calculated\" style=\"margin:0;--fontSize:48;line-height:var(--awb-typography1-line-height);\">LES <strong>DONN\u00c9ES PERSONNELLES COLLECT\u00c9ES<\/strong> SUR <a href=\"\/\">www.campagne-baudeloup.com<\/a><\/h2><\/div><div class=\"fusion-text fusion-text-4\" style=\"text-transform:none;\"><h3>Quelles donn\u00e9es personnelles sont collect\u00e9es et quand ?<\/h3>\n<p>Vos donn\u00e9es personnelles pr\u00e9nom, nom, t\u00e9l\u00e9phone, e-mail et adresse sont collect\u00e9es dans le formulaire que vous choisissez de nous envoyer pour nous contacter.<\/p>\n<h3>Destinataire des donn\u00e9es<\/h3>\n<p>Les donn\u00e9es collect\u00e9es sur le site <a href=\"\/\">www.campagne-baudeloup.com<\/a> sont exclusivement destin\u00e9es \u00e0 Campagne Baudeloup. Elles ne sont \u00e0 aucun moment partag\u00e9es avec une soci\u00e9t\u00e9 tierce ni transf\u00e9r\u00e9es hors UE.<\/p>\n<h3>Vos droits au regard de la loi Informatique et Libert\u00e9s<\/h3>\n<p>Conform\u00e9ment \u00e0 la loi Informatique et Libert\u00e9s du 6 janvier 1978 modifi\u00e9e par la loi du 6 Ao\u00fbt 2004, vous disposez d&#8217;un droit d&#8217;acc\u00e8s, de rectification et d\u2019opposition aux donn\u00e9es personnelles vous concernant. Il vous suffit de nous \u00e9crire en ligne \u00e0 <a href=\"mailto:contact@campagne-baudeloup.com\">contact@campagne-baudeloup.com<\/a> ou par courrier \u00e0 Campagne Baudeloup &#8211; 750 Chem. du Lagnien, 84800 L&#8217;Isle-sur-la-Sorgue &#8211; France, en nous indiquant vos nom, pr\u00e9nom, e-mail et adresse. Conform\u00e9ment \u00e0 la r\u00e9glementation en vigueur, votre demande doit \u00eatre sign\u00e9e et accompagn\u00e9e de la photocopie d\u2019un titre d\u2019identit\u00e9 portant votre signature et pr\u00e9ciser l\u2019adresse \u00e0 laquelle doit vous parvenir la r\u00e9ponse. Une r\u00e9ponse vous sera alors adress\u00e9e dans un d\u00e9lai de 2 mois suivant la r\u00e9ception de la demande.<\/p>\n<h3>Dur\u00e9e de conservation des donn\u00e9es personnelles<\/h3>\n<p>Si pendant un d\u00e9lai de 2 ans, vous n\u2019avez pas r\u00e9pondu \u00e0 nos sollicitations, vos donn\u00e9es personnelles seront supprim\u00e9es de notre base de donn\u00e9es et seront plac\u00e9es dans une base d&#8217;exclusions afin de justifier de nos traitements aux autorit\u00e9s comp\u00e9tentes.<\/p>\n<\/div><style type=\"text\/css\">@media only screen and (max-width:1024px) {.fusion-title.fusion-title-5{margin-top:10px!important; margin-right:0px!important;margin-bottom:15px!important;margin-left:0px!important;}}@media only screen and (max-width:640px) {.fusion-title.fusion-title-5{margin-top:10px!important; margin-right:0px!important;margin-bottom:10px!important; margin-left:0px!important;}}<\/style><div class=\"fusion-title title fusion-title-5 fusion-sep-none fusion-title-text fusion-title-size-two\" style=\"margin-top:10px;margin-right:0px;margin-bottom:15px;margin-left:0px;\"><h2 class=\"title-heading-left fusion-responsive-typography-calculated\" style=\"margin:0;--fontSize:48;line-height:var(--awb-typography1-line-height);\">COOKIES<\/h2><\/div><div class=\"fusion-text fusion-text-5\" style=\"text-transform:none;\"><p>Les cookies sont des fichiers texte qui sont install\u00e9s sur votre ordinateur ou votre p\u00e9riph\u00e9rique lorsque vous visitez notre site web. <strong>Finalit\u00e9 des cookies<\/strong> Nous utilisons les cookies afin de rendre vos visites sur notre site plus efficaces. Les cookies nous permettent \u00e9galement d\u2019am\u00e9liorer la navigation sur notre site et de comprendre vos comportements de visite. <strong>Notre utilisation des cookies<\/strong> Les cookies nous permettent de collecter des informations analytiques telles que le nombre de visiteurs, leur origine g\u00e9ographique, la dur\u00e9e de lecture, les pages les plus lues, etc. Nous utilisons les donn\u00e9es d\u2019analyse afin d\u2019am\u00e9liorer l\u2019ergonomie et les fonctionnalit\u00e9s du site ainsi que l\u2019information qui y figure. <strong>Informations collect\u00e9es gr\u00e2ce aux cookies<\/strong> Les cookies nous aident \u00e0 recueillir des renseignements sur la fa\u00e7on dont vous utilisez notre site Web. Nous ne conservons aucune information permettant de vous identifier personnellement dans les donn\u00e9es de nos cookies vous concernant, uniquement un identifiant de session unique. <strong>Types de cookies<\/strong><\/p>\n<ul>\n<li>Cookies de session : les cookies de ce type sont temporairement stock\u00e9s sur votre ordinateur ou votre p\u00e9riph\u00e9rique pendant une session de navigation. Ils sont effac\u00e9s de votre ordinateur ou de votre p\u00e9riph\u00e9rique \u00e0 la fin de la session de navigation.<\/li>\n<li>Cookies permanents : les cookies de ce type demeurent plus longtemps sur votre ordinateur. Les cookies permanents aident \u00e0 vous reconna\u00eetre pour plus d\u2019une session de navigation. <a href=\"\/\">www.Campagne-Baudeloup.com<\/a> n\u2019utilise pas de cookie permanent.<\/li>\n<\/ul>\n<p><strong>Gestion des cookies<\/strong> Le menu de la plupart des navigateurs comporte des options vous permettant de g\u00e9rer vos cookies en r\u00e9glant ou en configurant vos param\u00e8tres de cookies. G\u00e9n\u00e9ralement, le navigateur vous offre la possibilit\u00e9 :<\/p>\n<ul>\n<li>d\u2019afficher vos cookies,<\/li>\n<li>d\u2019autoriser les cookies,<\/li>\n<li>de d\u00e9sactiver tous les cookies, ou uniquement des cookies pr\u00e9cis,<\/li>\n<li>de d\u00e9sactiver tous les cookies lorsque vous fermez votre navigateur,<\/li>\n<li>de bloquer les cookies,<\/li>\n<li>d\u2019\u00eatre inform\u00e9 lorsque vous recevez un cookie.<\/li>\n<\/ul>\n<p>Veuillez noter qu\u2019\u00e0 moins que vous n\u2019ayez r\u00e9gl\u00e9 les param\u00e8tres de votre navigateur de fa\u00e7on \u00e0 refuser les cookies, notre syst\u00e8me \u00e9mettra des cookies d\u00e8s que vous vous rendrez sur notre site. <strong>Informations suppl\u00e9mentaires sur les cookies<\/strong> Pour en savoir plus sur les cookies et en particulier comment les ma\u00eetriser sur votre navigateur, nous vous invitons \u00e0 consulter la page de la CNIL : <a href=\"http:\/\/www.cnil.fr\/vos-libertes\/vos-traces\/les-cookies\/\" target=\"_blank\" rel=\"noopener noreferrer\">http:\/\/www.cnil.fr\/vos-libertes\/vos-traces\/les-cookies\/<\/a><\/p>\n<\/div><\/div><style type=\"text\/css\">.fusion-body .fusion-builder-column-0{width:100% !important;margin-top : 0px;margin-bottom : 20px;}.fusion-builder-column-0 > .fusion-column-wrapper {padding-top : 0px !important;padding-right : 0px !important;margin-right : 1.92%;padding-bottom : 0px !important;padding-left : 0px !important;margin-left : 1.92%;}@media only screen and (max-width:1024px) {.fusion-body .fusion-builder-column-0{width:100% !important;order : 0;}.fusion-builder-column-0 > .fusion-column-wrapper {margin-right : 1.92%;margin-left : 1.92%;}}@media only screen and (max-width:640px) {.fusion-body .fusion-builder-column-0{width:100% !important;order : 0;}.fusion-builder-column-0 > .fusion-column-wrapper {margin-right : 1.92%;margin-left : 1.92%;}}<\/style><\/div><\/div><style type=\"text\/css\">.fusion-fullwidth.fusion-builder-row-1 a:not(.awb-custom-text-color):not(.fusion-button):not(.fusion-builder-module-control):not(.fusion-social-network-icon):not(.fb-icon-element):not(.fusion-countdown-link):not(.fusion-rollover-link):not(.fusion-rollover-gallery):not(.fusion-button-bar):not(.add_to_cart_button):not(.show_details_button):not(.product_type_external):not(.fusion-view-cart):not(.fusion-quick-view):not(.fusion-rollover-title-link):not(.fusion-breadcrumb-link) , .fusion-fullwidth.fusion-builder-row-1 a:not(.awb-custom-text-color):not(.fusion-button):not(.fusion-builder-module-control):not(.fusion-social-network-icon):not(.fb-icon-element):not(.fusion-countdown-link):not(.fusion-rollover-link):not(.fusion-rollover-gallery):not(.fusion-button-bar):not(.add_to_cart_button):not(.show_details_button):not(.product_type_external):not(.fusion-view-cart):not(.fusion-quick-view):not(.fusion-rollover-title-link):not(.fusion-breadcrumb-link):before, .fusion-fullwidth.fusion-builder-row-1 a:not(.awb-custom-text-color):not(.fusion-button):not(.fusion-builder-module-control):not(.fusion-social-network-icon):not(.fb-icon-element):not(.fusion-countdown-link):not(.fusion-rollover-link):not(.fusion-rollover-gallery):not(.fusion-button-bar):not(.add_to_cart_button):not(.show_details_button):not(.product_type_external):not(.fusion-view-cart):not(.fusion-quick-view):not(.fusion-rollover-title-link):not(.fusion-breadcrumb-link):after {color: #607d8b;}.fusion-fullwidth.fusion-builder-row-1 a:not(.awb-custom-text-hover-color):not(.fusion-button):not(.fusion-builder-module-control):not(.fusion-social-network-icon):not(.fb-icon-element):not(.fusion-countdown-link):not(.fusion-rollover-link):not(.fusion-rollover-gallery):not(.fusion-button-bar):not(.add_to_cart_button):not(.show_details_button):not(.product_type_external):not(.fusion-view-cart):not(.fusion-quick-view):not(.fusion-rollover-title-link):not(.fusion-breadcrumb-link):hover, .fusion-fullwidth.fusion-builder-row-1 a:not(.awb-custom-text-hover-color):not(.fusion-button):not(.fusion-builder-module-control):not(.fusion-social-network-icon):not(.fb-icon-element):not(.fusion-countdown-link):not(.fusion-rollover-link):not(.fusion-rollover-gallery):not(.fusion-button-bar):not(.add_to_cart_button):not(.show_details_button):not(.product_type_external):not(.fusion-view-cart):not(.fusion-quick-view):not(.fusion-rollover-title-link):not(.fusion-breadcrumb-link):hover:before, .fusion-fullwidth.fusion-builder-row-1 a:not(.awb-custom-text-hover-color):not(.fusion-button):not(.fusion-builder-module-control):not(.fusion-social-network-icon):not(.fb-icon-element):not(.fusion-countdown-link):not(.fusion-rollover-link):not(.fusion-rollover-gallery):not(.fusion-button-bar):not(.add_to_cart_button):not(.show_details_button):not(.product_type_external):not(.fusion-view-cart):not(.fusion-quick-view):not(.fusion-rollover-title-link):not(.fusion-breadcrumb-link):hover:after {color: #000000;}.fusion-fullwidth.fusion-builder-row-1 .pagination a.inactive:hover, .fusion-fullwidth.fusion-builder-row-1 .fusion-filters .fusion-filter.fusion-active a {border-color: #000000;}.fusion-fullwidth.fusion-builder-row-1 .pagination .current {border-color: #000000; background-color: #000000;}.fusion-fullwidth.fusion-builder-row-1 .fusion-filters .fusion-filter.fusion-active a, .fusion-fullwidth.fusion-builder-row-1 .fusion-date-and-formats .fusion-format-box, .fusion-fullwidth.fusion-builder-row-1 .fusion-popover, .fusion-fullwidth.fusion-builder-row-1 .tooltip-shortcode {color: #000000;}#wrapper .fusion-fullwidth.fusion-builder-row-1 .fusion-widget-area .fusion-vertical-menu-widget .menu li.current_page_ancestor > a, #wrapper .fusion-fullwidth.fusion-builder-row-1 .fusion-widget-area .fusion-vertical-menu-widget .menu li.current_page_ancestor > a:before, #wrapper .fusion-fullwidth.fusion-builder-row-1 .fusion-widget-area .fusion-vertical-menu-widget .current-menu-item > a, #wrapper .fusion-fullwidth.fusion-builder-row-1 .fusion-widget-area .fusion-vertical-menu-widget .current-menu-item > a:before, #wrapper .fusion-fullwidth.fusion-builder-row-1 .fusion-widget-area .fusion-vertical-menu-widget .current_page_item > a, #wrapper .fusion-fullwidth.fusion-builder-row-1 .fusion-widget-area .fusion-vertical-menu-widget .current_page_item > a:before {color: #000000;}#wrapper .fusion-fullwidth.fusion-builder-row-1 .fusion-widget-area .widget_nav_menu .menu li.current_page_ancestor > a, #wrapper .fusion-fullwidth.fusion-builder-row-1 .fusion-widget-area .widget_nav_menu .menu li.current_page_ancestor > a:before, #wrapper .fusion-fullwidth.fusion-builder-row-1 .fusion-widget-area .widget_nav_menu .current-menu-item > a, #wrapper .fusion-fullwidth.fusion-builder-row-1 .fusion-widget-area .widget_nav_menu .current-menu-item > a:before, #wrapper .fusion-fullwidth.fusion-builder-row-1 .fusion-widget-area .widget_nav_menu .current_page_item > a, #wrapper .fusion-fullwidth.fusion-builder-row-1 .fusion-widget-area .widget_nav_menu .current_page_item > a:before {color: #000000;}#wrapper .fusion-fullwidth.fusion-builder-row-1 .fusion-vertical-menu-widget .menu li.current_page_item > a { border-right-color:#000000;border-left-color:#000000;}#wrapper .fusion-fullwidth.fusion-builder-row-1 .fusion-widget-area .tagcloud a:hover { color: #fff; background-color: #000000;border-color: #000000;}#main .fusion-fullwidth.fusion-builder-row-1 .post .blog-shortcode-post-title a:hover {color: #000000;}.fusion-body .fusion-flex-container.fusion-builder-row-1{ padding-top : 0px;margin-top : 0px;padding-right : 0px;padding-bottom : 0px;margin-bottom : 0px;padding-left : 0px;}<\/style><\/div>\n","protected":false},"excerpt":{"rendered":"","protected":false},"author":2,"featured_media":177,"parent":0,"menu_order":0,"comment_status":"closed","ping_status":"closed","template":"","meta":[],"yoast_head":"<!-- This site is optimized with the Yoast SEO plugin v19.3 - https:\/\/yoast.com\/wordpress\/plugins\/seo\/ -->\n<title>Politique de confidentialit\u00e9 - Baudeloup<\/title>\n<meta name=\"robots\" content=\"noindex, follow, max-snippet:-1, max-image-preview:large, max-video-preview:-1\" \/>\n<meta property=\"og:locale\" content=\"en_US\" \/>\n<meta property=\"og:type\" content=\"article\" \/>\n<meta property=\"og:title\" content=\"Politique de confidentialit\u00e9 - Baudeloup\" \/>\n<meta property=\"og:url\" content=\"https:\/\/www.campagnebaudeloup.com\/en\/politique-de-confidentialite\/\" \/>\n<meta property=\"og:site_name\" content=\"Baudeloup\" \/>\n<meta property=\"article:modified_time\" content=\"2023-10-13T08:04:33+00:00\" \/>\n<meta name=\"twitter:card\" content=\"summary_large_image\" \/>\n<meta name=\"twitter:label1\" content=\"Est. reading time\" \/>\n\t<meta name=\"twitter:data1\" content=\"8 minutes\" \/>\n<script type=\"application\/ld+json\" class=\"yoast-schema-graph\">{\"@context\":\"https:\/\/schema.org\",\"@graph\":[{\"@type\":\"WebSite\",\"@id\":\"https:\/\/www.campagnebaudeloup.com\/#website\",\"url\":\"https:\/\/www.campagnebaudeloup.com\/\",\"name\":\"Baudeloup\",\"description\":\"\",\"potentialAction\":[{\"@type\":\"SearchAction\",\"target\":{\"@type\":\"EntryPoint\",\"urlTemplate\":\"https:\/\/www.campagnebaudeloup.com\/?s={search_term_string}\"},\"query-input\":\"required name=search_term_string\"}],\"inLanguage\":\"en-US\"},{\"@type\":\"ImageObject\",\"inLanguage\":\"en-US\",\"@id\":\"https:\/\/www.campagnebaudeloup.com\/en\/politique-de-confidentialite\/#primaryimage\",\"url\":\"https:\/\/www.campagnebaudeloup.com\/wp-content\/uploads\/2022\/06\/baudeloup.jpg\",\"contentUrl\":\"https:\/\/www.campagnebaudeloup.com\/wp-content\/uploads\/2022\/06\/baudeloup.jpg\",\"width\":1920,\"height\":1280},{\"@type\":\"WebPage\",\"@id\":\"https:\/\/www.campagnebaudeloup.com\/en\/politique-de-confidentialite\/\",\"url\":\"https:\/\/www.campagnebaudeloup.com\/en\/politique-de-confidentialite\/\",\"name\":\"Politique de confidentialit\u00e9 - Baudeloup\",\"isPartOf\":{\"@id\":\"https:\/\/www.campagnebaudeloup.com\/#website\"},\"primaryImageOfPage\":{\"@id\":\"https:\/\/www.campagnebaudeloup.com\/en\/politique-de-confidentialite\/#primaryimage\"},\"datePublished\":\"2022-06-03T10:08:53+00:00\",\"dateModified\":\"2023-10-13T08:04:33+00:00\",\"breadcrumb\":{\"@id\":\"https:\/\/www.campagnebaudeloup.com\/en\/politique-de-confidentialite\/#breadcrumb\"},\"inLanguage\":\"en-US\",\"potentialAction\":[{\"@type\":\"ReadAction\",\"target\":[\"https:\/\/www.campagnebaudeloup.com\/en\/politique-de-confidentialite\/\"]}]},{\"@type\":\"BreadcrumbList\",\"@id\":\"https:\/\/www.campagnebaudeloup.com\/en\/politique-de-confidentialite\/#breadcrumb\",\"itemListElement\":[{\"@type\":\"ListItem\",\"position\":1,\"name\":\"Accueil\",\"item\":\"https:\/\/www.campagnebaudeloup.com\/en\/\"},{\"@type\":\"ListItem\",\"position\":2,\"name\":\"Politique de confidentialit\u00e9\"}]}]}<\/script>\n<!-- \/ Yoast SEO plugin. -->","yoast_head_json":{"title":"Politique de confidentialit\u00e9 - Baudeloup","robots":{"index":"noindex","follow":"follow","max-snippet":"max-snippet:-1","max-image-preview":"max-image-preview:large","max-video-preview":"max-video-preview:-1"},"og_locale":"en_US","og_type":"article","og_title":"Politique de confidentialit\u00e9 - Baudeloup","og_url":"https:\/\/www.campagnebaudeloup.com\/en\/politique-de-confidentialite\/","og_site_name":"Baudeloup","article_modified_time":"2023-10-13T08:04:33+00:00","twitter_card":"summary_large_image","twitter_misc":{"Est. reading time":"8 minutes"},"schema":{"@context":"https:\/\/schema.org","@graph":[{"@type":"WebSite","@id":"https:\/\/www.campagnebaudeloup.com\/#website","url":"https:\/\/www.campagnebaudeloup.com\/","name":"Baudeloup","description":"","potentialAction":[{"@type":"SearchAction","target":{"@type":"EntryPoint","urlTemplate":"https:\/\/www.campagnebaudeloup.com\/?s={search_term_string}"},"query-input":"required name=search_term_string"}],"inLanguage":"en-US"},{"@type":"ImageObject","inLanguage":"en-US","@id":"https:\/\/www.campagnebaudeloup.com\/en\/politique-de-confidentialite\/#primaryimage","url":"https:\/\/www.campagnebaudeloup.com\/wp-content\/uploads\/2022\/06\/baudeloup.jpg","contentUrl":"https:\/\/www.campagnebaudeloup.com\/wp-content\/uploads\/2022\/06\/baudeloup.jpg","width":1920,"height":1280},{"@type":"WebPage","@id":"https:\/\/www.campagnebaudeloup.com\/en\/politique-de-confidentialite\/","url":"https:\/\/www.campagnebaudeloup.com\/en\/politique-de-confidentialite\/","name":"Politique de confidentialit\u00e9 - Baudeloup","isPartOf":{"@id":"https:\/\/www.campagnebaudeloup.com\/#website"},"primaryImageOfPage":{"@id":"https:\/\/www.campagnebaudeloup.com\/en\/politique-de-confidentialite\/#primaryimage"},"datePublished":"2022-06-03T10:08:53+00:00","dateModified":"2023-10-13T08:04:33+00:00","breadcrumb":{"@id":"https:\/\/www.campagnebaudeloup.com\/en\/politique-de-confidentialite\/#breadcrumb"},"inLanguage":"en-US","potentialAction":[{"@type":"ReadAction","target":["https:\/\/www.campagnebaudeloup.com\/en\/politique-de-confidentialite\/"]}]},{"@type":"BreadcrumbList","@id":"https:\/\/www.campagnebaudeloup.com\/en\/politique-de-confidentialite\/#breadcrumb","itemListElement":[{"@type":"ListItem","position":1,"name":"Accueil","item":"https:\/\/www.campagnebaudeloup.com\/en\/"},{"@type":"ListItem","position":2,"name":"Politique de confidentialit\u00e9"}]}]}},"_links":{"self":[{"href":"https:\/\/www.campagnebaudeloup.com\/en\/wp-json\/wp\/v2\/pages\/724"}],"collection":[{"href":"https:\/\/www.campagnebaudeloup.com\/en\/wp-json\/wp\/v2\/pages"}],"about":[{"href":"https:\/\/www.campagnebaudeloup.com\/en\/wp-json\/wp\/v2\/types\/page"}],"author":[{"embeddable":true,"href":"https:\/\/www.campagnebaudeloup.com\/en\/wp-json\/wp\/v2\/users\/2"}],"replies":[{"embeddable":true,"href":"https:\/\/www.campagnebaudeloup.com\/en\/wp-json\/wp\/v2\/comments?post=724"}],"version-history":[{"count":2,"href":"https:\/\/www.campagnebaudeloup.com\/en\/wp-json\/wp\/v2\/pages\/724\/revisions"}],"predecessor-version":[{"id":1645,"href":"https:\/\/www.campagnebaudeloup.com\/en\/wp-json\/wp\/v2\/pages\/724\/revisions\/1645"}],"wp:featuredmedia":[{"embeddable":true,"href":"https:\/\/www.campagnebaudeloup.com\/en\/wp-json\/wp\/v2\/media\/177"}],"wp:attachment":[{"href":"https:\/\/www.campagnebaudeloup.com\/en\/wp-json\/wp\/v2\/media?parent=724"}],"curies":[{"name":"wp","href":"https:\/\/api.w.org\/{rel}","templated":true}]}}